{"id":4990,"date":"2022-04-15T14:10:58","date_gmt":"2022-04-15T12:10:58","guid":{"rendered":"https:\/\/www.s4mountingsystem.com\/mentions-legales\/"},"modified":"2026-02-26T12:57:45","modified_gmt":"2026-02-26T11:57:45","slug":"mentions-legales","status":"publish","type":"page","link":"https:\/\/www.s4mountingsystem.com\/fr\/mentions-legales\/","title":{"rendered":"Mentions l\u00e9gales"},"content":{"rendered":"\t\t<div data-elementor-type=\"wp-page\" data-elementor-id=\"4990\" class=\"elementor elementor-4990 elementor-59\" data-elementor-post-type=\"page\">\n\t\t\t\t\t\t<section class=\"elementor-section elementor-top-section elementor-element elementor-element-24b8f57 elementor-section-stretched elementor-section-boxed elementor-section-height-default elementor-section-height-default\" data-id=\"24b8f57\" data-element_type=\"section\" data-e-type=\"section\" data-settings=\"{&quot;stretch_section&quot;:&quot;section-stretched&quot;,&quot;background_background&quot;:&quot;classic&quot;}\">\n\t\t\t\t\t\t<div class=\"elementor-container elementor-column-gap-default\">\n\t\t\t\t\t<div class=\"elementor-column elementor-col-100 elementor-top-column elementor-element elementor-element-c5b19c3\" data-id=\"c5b19c3\" data-element_type=\"column\" data-e-type=\"column\" data-settings=\"{&quot;background_background&quot;:&quot;classic&quot;}\">\n\t\t\t<div class=\"elementor-widget-wrap elementor-element-populated\">\n\t\t\t\t\t\t<div class=\"elementor-element elementor-element-105b682 title elementor-widget elementor-widget-heading\" data-id=\"105b682\" data-element_type=\"widget\" data-e-type=\"widget\" data-widget_type=\"heading.default\">\n\t\t\t\t<div class=\"elementor-widget-container\">\n\t\t\t\t\t<h2 class=\"elementor-heading-title elementor-size-default\">Mentions l\u00e9gales<\/h2>\t\t\t\t<\/div>\n\t\t\t\t<\/div>\n\t\t\t\t<div class=\"elementor-element elementor-element-c41051f elementor-widget elementor-widget-text-editor\" data-id=\"c41051f\" data-element_type=\"widget\" data-e-type=\"widget\" data-widget_type=\"text-editor.default\">\n\t\t\t\t<div class=\"elementor-widget-container\">\n\t\t\t\t\t\t\t\t\t<p data-start=\"324\" data-end=\"466\"><strong data-start=\"324\" data-end=\"347\">Informations sur la soci\u00e9t\u00e9<\/strong><br data-start=\"347\" data-end=\"350\">Ce site web est exploit\u00e9 par <strong data-start=\"378\" data-end=\"404\">S4 Mounting System Ltd<\/strong>, une soci\u00e9t\u00e9 priv\u00e9e \u00e0 responsabilit\u00e9 limit\u00e9e immatricul\u00e9e en Angleterre et au pays de Galles.<\/p><ul data-start=\"468\" data-end=\"822\"><li data-start=\"468\" data-end=\"512\"><p data-start=\"470\" data-end=\"512\">Nom de la soci\u00e9t\u00e9 : <strong data-start=\"484\" data-end=\"510\">S4 Mounting System Ltd<\/strong><\/p><\/li><li data-start=\"513\" data-end=\"586\"><p data-start=\"515\" data-end=\"586\">Num\u00e9ro d\u2019immatriculation de la soci\u00e9t\u00e9 : <strong data-start=\"544\" data-end=\"584\">16612111<\/strong><\/p><\/li><li data-start=\"587\" data-end=\"661\"><p data-start=\"589\" data-end=\"661\">Si\u00e8ge social : <strong data-start=\"608\" data-end=\"659\">1-75 Shelton Street &#8211; Coven Garden &#8211; Londres &#8211; WC2h 9JQ &#8211; Royaume-Uni<\/strong><\/p><\/li><li data-start=\"662\" data-end=\"715\"><p data-start=\"664\" data-end=\"715\">Num\u00e9ro de TVA :  <\/p><\/li><li data-start=\"716\" data-end=\"769\"><p data-start=\"718\" data-end=\"769\">E-mail de contact : <strong data-start=\"733\" data-end=\"767\"><a class=\"decorated-link cursor-pointer\" rel=\"noopener\" data-start=\"735\" data-end=\"765\">contact@s4mountingsystem.com<\/a><\/strong><\/p><\/li><li data-start=\"770\" data-end=\"822\"><p data-start=\"772\" data-end=\"822\">Directeur de la publication : <strong data-start=\"794\" data-end=\"820\">S4 Mounting System Ltd<\/strong><\/p><\/li><\/ul><p data-start=\"824\" data-end=\"972\"><strong data-start=\"824\" data-end=\"845\">Activit\u00e9 commerciale<\/strong><br data-start=\"845\" data-end=\"848\">S4 Mounting System Ltd est sp\u00e9cialis\u00e9e dans la conception, la fabrication et la vente de syst\u00e8mes de montage photovolta\u00efques pour les professionnels.<\/p><p data-start=\"974\" data-end=\"1120\"><strong data-start=\"974\" data-end=\"994\">H\u00e9bergeur<\/strong><br data-start=\"994\" data-end=\"997\">Le site web est h\u00e9berg\u00e9 par :<br data-start=\"1022\" data-end=\"1025\">OVH<br data-start=\"1028\" data-end=\"1031\">2 rue Kellermann \u2013 59100 Roubaix \u2013 France<br data-start=\"1072\" data-end=\"1075\">Site web : <a class=\"decorated-link\" href=\"https:\/\/www.ovh.com\" target=\"_new\" rel=\"noopener\" data-start=\"1084\" data-end=\"1118\">www.ovh.com<\/a><\/p><p data-start=\"1122\" data-end=\"1473\"><strong data-start=\"1122\" data-end=\"1147\">Propri\u00e9t\u00e9 intellectuelle<\/strong><br data-start=\"1147\" data-end=\"1150\">Tout le contenu de ce site web (y compris les textes, images, graphiques, logos et ic\u00f4nes) est la propri\u00e9t\u00e9 exclusive de <strong data-start=\"1261\" data-end=\"1287\">S4 Mounting System Ltd<\/strong>, sauf mention contraire. Toute reproduction, distribution, modification, adaptation, retransmission ou publication, m\u00eame partielle, est strictement interdite sans accord \u00e9crit pr\u00e9alable. <\/p><p data-start=\"1475\" data-end=\"1735\"><strong data-start=\"1475\" data-end=\"1492\">Donn\u00e9es personnelles<\/strong><br data-start=\"1492\" data-end=\"1495\">Conform\u00e9ment au RGPD du Royaume-Uni et au Data Protection Act 2018, les utilisateurs disposent d\u2019un droit d\u2019acc\u00e8s, de rectification, d\u2019effacement et d\u2019opposition au traitement de leurs donn\u00e9es personnelles. Les demandes doivent \u00eatre envoy\u00e9es par e-mail \u00e0 : <strong data-start=\"1698\" data-end=\"1732\"><a class=\"decorated-link cursor-pointer\" rel=\"noopener\" data-start=\"1700\" data-end=\"1730\">contact@s4mountingsystem.com<\/a><\/strong>. <\/p><p data-start=\"1737\" data-end=\"2008\"><strong data-start=\"1737\" data-end=\"1761\">Exon\u00e9ration de responsabilit\u00e9<\/strong><br data-start=\"1761\" data-end=\"1764\">S4 Mounting System Ltd met tout en \u0153uvre pour assurer l\u2019exactitude et la mise \u00e0 jour r\u00e9guli\u00e8re des informations publi\u00e9es sur ce site web, mais ne peut \u00eatre tenue responsable des erreurs, omissions ou des r\u00e9sultats obtenus suite \u00e0 une mauvaise utilisation de ces informations.<\/p>\t\t\t\t\t\t\t\t<\/div>\n\t\t\t\t<\/div>\n\t\t\t\t<div class=\"elementor-element elementor-element-0e00d7a elementor-widget__width-auto elementor-view-default elementor-widget elementor-widget-icon\" data-id=\"0e00d7a\" data-element_type=\"widget\" data-e-type=\"widget\" data-elementor-open-popup=\"\" data-widget_type=\"icon.default\">\n\t\t\t\t<div class=\"elementor-widget-container\">\n\t\t\t\t\t\t\t<div class=\"elementor-icon-wrapper\">\n\t\t\t<a class=\"elementor-icon\" href=\"#\">\n\t\t\t<svg xmlns=\"http:\/\/www.w3.org\/2000\/svg\" xmlns:xlink=\"http:\/\/www.w3.org\/1999\/xlink\" width=\"38.89\" height=\"33.766\" viewBox=\"0 0 38.89 33.766\"><defs><clipPath id=\"clip-path\"><rect id=\"Rectangle_506\" data-name=\"Rectangle 506\" width=\"38.89\" height=\"33.766\" fill=\"#f7f7f7\"><\/rect><\/clipPath><\/defs><g id=\"Groupe_329\" data-name=\"Groupe 329\" transform=\"translate(0 0)\"><g id=\"Groupe_328\" data-name=\"Groupe 328\" transform=\"translate(0 0)\" clip-path=\"url(#clip-path)\"><path id=\"Trac&#xE9;_2871\" data-name=\"Trac&#xE9; 2871\" d=\"M2.867,22h1.6c.142,0,.416.376.493.505a26.694,26.694,0,0,0,2.5,4.057c8.073,9.537,23.824,5.4,26.1-6.83C36.6,3.4,14.949-5.029,6.187,8.964c-.393.626-.921,1.973-1.293,2.414a1.665,1.665,0,0,1-.566.359H2.973c-.069-.054-.081-.061-.079-.146a12.834,12.834,0,0,1,1-2.564C9.384-1.717,24.561-3.187,32.047,6.327A16.9,16.9,0,0,1,16.526,33.609,16.639,16.639,0,0,1,2.867,22\" transform=\"translate(3.12 0)\" fill=\"#f7f7f7\"><\/path><path id=\"Trac&#xE9;_2872\" data-name=\"Trac&#xE9; 2872\" d=\"M12.541,8.851c.741-.088,1.9.4,2.907.342a14.059,14.059,0,0,1,2.272-.353,28.786,28.786,0,0,1,4.07,1.345A2.283,2.283,0,0,1,23.6,12.434c.152,2-.474,3.581-2.669,3.742-3.8.28-7.933-.215-11.767,0-2.228-.163-2.9-1.671-2.74-3.742a2.012,2.012,0,0,1,1.263-2.015,32.692,32.692,0,0,1,4.849-1.568\" transform=\"translate(6.971 9.604)\" fill=\"#f7f7f7\"><\/path><path id=\"Trac&#xE9;_2873\" data-name=\"Trac&#xE9; 2873\" d=\"M12.7,3.83a4.84,4.84,0,1,1-3.8,7.321A4.866,4.866,0,0,1,12.7,3.83\" transform=\"translate(8.948 4.151)\" fill=\"#f7f7f7\"><\/path><path id=\"Trac&#xE9;_2874\" data-name=\"Trac&#xE9; 2874\" d=\"M12.615,11.471H0V9.619H12.009l.106-.177c-.033-.15-1.9-1.819-2.176-2.174A.946.946,0,0,1,10.046,5.8a.976.976,0,0,1,1.286.144A40.3,40.3,0,0,1,15.607,10.3c.1.115.3.328.259.461-1.09,1.144-2.117,2.358-3.214,3.494-.629.649-1.838,2.276-2.748,1.32-.418-.439-.328-.833,0-1.286.641-.877,1.927-1.719,2.6-2.6.054-.073.138-.09.106-.215\" transform=\"translate(0 6.111)\" fill=\"#f7f7f7\"><\/path><\/g><\/g><\/svg>\t\t\t<\/a>\n\t\t<\/div>\n\t\t\t\t\t\t<\/div>\n\t\t\t\t<\/div>\n\t\t\t\t\t<\/div>\n\t\t<\/div>\n\t\t\t\t\t<\/div>\n\t\t<\/section>\n\t\t\t\t<\/div>\n\t\t","protected":false},"excerpt":{"rendered":"<p>Mentions l\u00e9gales Informations sur la soci\u00e9t\u00e9Ce site web est exploit\u00e9 par S4 Mounting System Ltd, une soci\u00e9t\u00e9 priv\u00e9e \u00e0 responsabilit\u00e9 limit\u00e9e immatricul\u00e9e en Angleterre et au pays de Galles. Nom de la soci\u00e9t\u00e9 : S4 Mounting System Ltd Num\u00e9ro d\u2019immatriculation de la soci\u00e9t\u00e9 : 16612111 Si\u00e8ge social : 1-75 Shelton Street &#8211; Coven Garden &#8211; [&hellip;]<\/p>\n","protected":false},"author":1,"featured_media":0,"parent":0,"menu_order":0,"comment_status":"closed","ping_status":"closed","template":"","meta":{"ocean_post_layout":"full-screen","ocean_both_sidebars_style":"","ocean_both_sidebars_content_width":0,"ocean_both_sidebars_sidebars_width":0,"ocean_sidebar":"0","ocean_second_sidebar":"0","ocean_disable_margins":"enable","ocean_add_body_class":"","ocean_shortcode_before_top_bar":"","ocean_shortcode_after_top_bar":"","ocean_shortcode_before_header":"","ocean_shortcode_after_header":"","ocean_has_shortcode":"","ocean_shortcode_after_title":"","ocean_shortcode_before_footer_widgets":"","ocean_shortcode_after_footer_widgets":"","ocean_shortcode_before_footer_bottom":"","ocean_shortcode_after_footer_bottom":"","ocean_display_top_bar":"default","ocean_display_header":"default","ocean_header_style":"","ocean_center_header_left_menu":"0","ocean_custom_header_template":"0","ocean_custom_logo":0,"ocean_custom_retina_logo":0,"ocean_custom_logo_max_width":0,"ocean_custom_logo_tablet_max_width":0,"ocean_custom_logo_mobile_max_width":0,"ocean_custom_logo_max_height":0,"ocean_custom_logo_tablet_max_height":0,"ocean_custom_logo_mobile_max_height":0,"ocean_header_custom_menu":"0","ocean_menu_typo_font_family":"0","ocean_menu_typo_font_subset":"","ocean_menu_typo_font_size":0,"ocean_menu_typo_font_size_tablet":0,"ocean_menu_typo_font_size_mobile":0,"ocean_menu_typo_font_size_unit":"px","ocean_menu_typo_font_weight":"","ocean_menu_typo_font_weight_tablet":"","ocean_menu_typo_font_weight_mobile":"","ocean_menu_typo_transform":"","ocean_menu_typo_transform_tablet":"","ocean_menu_typo_transform_mobile":"","ocean_menu_typo_line_height":0,"ocean_menu_typo_line_height_tablet":0,"ocean_menu_typo_line_height_mobile":0,"ocean_menu_typo_line_height_unit":"","ocean_menu_typo_spacing":0,"ocean_menu_typo_spacing_tablet":0,"ocean_menu_typo_spacing_mobile":0,"ocean_menu_typo_spacing_unit":"","ocean_menu_link_color":"","ocean_menu_link_color_hover":"","ocean_menu_link_color_active":"","ocean_menu_link_background":"","ocean_menu_link_hover_background":"","ocean_menu_link_active_background":"","ocean_menu_social_links_bg":"","ocean_menu_social_hover_links_bg":"","ocean_menu_social_links_color":"","ocean_menu_social_hover_links_color":"","ocean_disable_title":"on","ocean_disable_heading":"default","ocean_post_title":"","ocean_post_subheading":"","ocean_post_title_style":"","ocean_post_title_background_color":"","ocean_post_title_background":0,"ocean_post_title_bg_image_position":"","ocean_post_title_bg_image_attachment":"","ocean_post_title_bg_image_repeat":"","ocean_post_title_bg_image_size":"","ocean_post_title_height":0,"ocean_post_title_bg_overlay":0.5,"ocean_post_title_bg_overlay_color":"","ocean_disable_breadcrumbs":"off","ocean_breadcrumbs_color":"","ocean_breadcrumbs_separator_color":"","ocean_breadcrumbs_links_color":"","ocean_breadcrumbs_links_hover_color":"","ocean_display_footer_widgets":"default","ocean_display_footer_bottom":"default","ocean_custom_footer_template":"0","footnotes":""},"class_list":["post-4990","page","type-page","status-publish","hentry","entry"],"yoast_head":"<!-- This site is optimized with the Yoast SEO plugin v27.5 - https:\/\/yoast.com\/product\/yoast-seo-wordpress\/ -->\n<title>Mentions l\u00e9gales - S4 Mounting System<\/title>\n<meta name=\"robots\" content=\"index, follow, max-snippet:-1, max-image-preview:large, max-video-preview:-1\" \/>\n<link rel=\"canonical\" href=\"https:\/\/www.s4mountingsystem.com\/fr\/mentions-legales\/\" \/>\n<meta property=\"og:locale\" content=\"fr_FR\" \/>\n<meta property=\"og:type\" content=\"article\" \/>\n<meta property=\"og:title\" content=\"Mentions l\u00e9gales - S4 Mounting System\" \/>\n<meta property=\"og:description\" content=\"Mentions l\u00e9gales Informations sur la soci\u00e9t\u00e9Ce site web est exploit\u00e9 par S4 Mounting System Ltd, une soci\u00e9t\u00e9 priv\u00e9e \u00e0 responsabilit\u00e9 limit\u00e9e immatricul\u00e9e en Angleterre et au pays de Galles. Nom de la soci\u00e9t\u00e9 : S4 Mounting System Ltd Num\u00e9ro d\u2019immatriculation de la soci\u00e9t\u00e9 : 16612111 Si\u00e8ge social : 1-75 Shelton Street &#8211; Coven Garden &#8211; [&hellip;]\" \/>\n<meta property=\"og:url\" content=\"https:\/\/www.s4mountingsystem.com\/fr\/mentions-legales\/\" \/>\n<meta property=\"og:site_name\" content=\"S4 Mounting System\" \/>\n<meta property=\"article:modified_time\" content=\"2026-02-26T11:57:45+00:00\" \/>\n<meta name=\"twitter:card\" content=\"summary_large_image\" \/>\n<meta name=\"twitter:label1\" content=\"Dur\u00e9e de lecture estim\u00e9e\" \/>\n\t<meta name=\"twitter:data1\" content=\"1 minute\" \/>\n<script type=\"application\/ld+json\" class=\"yoast-schema-graph\">{\"@context\":\"https:\\\/\\\/schema.org\",\"@graph\":[{\"@type\":\"WebPage\",\"@id\":\"https:\\\/\\\/www.s4mountingsystem.com\\\/fr\\\/mentions-legales\\\/\",\"url\":\"https:\\\/\\\/www.s4mountingsystem.com\\\/fr\\\/mentions-legales\\\/\",\"name\":\"Mentions l\u00e9gales - S4 Mounting System\",\"isPartOf\":{\"@id\":\"https:\\\/\\\/www.s4mountingsystem.com\\\/fr\\\/#website\"},\"datePublished\":\"2022-04-15T12:10:58+00:00\",\"dateModified\":\"2026-02-26T11:57:45+00:00\",\"breadcrumb\":{\"@id\":\"https:\\\/\\\/www.s4mountingsystem.com\\\/fr\\\/mentions-legales\\\/#breadcrumb\"},\"inLanguage\":\"fr-FR\",\"potentialAction\":[{\"@type\":\"ReadAction\",\"target\":[\"https:\\\/\\\/www.s4mountingsystem.com\\\/fr\\\/mentions-legales\\\/\"]}]},{\"@type\":\"BreadcrumbList\",\"@id\":\"https:\\\/\\\/www.s4mountingsystem.com\\\/fr\\\/mentions-legales\\\/#breadcrumb\",\"itemListElement\":[{\"@type\":\"ListItem\",\"position\":1,\"name\":\"Home\",\"item\":\"https:\\\/\\\/www.s4mountingsystem.com\\\/fr\\\/accueil\\\/\"},{\"@type\":\"ListItem\",\"position\":2,\"name\":\"Mentions l\u00e9gales\"}]},{\"@type\":\"WebSite\",\"@id\":\"https:\\\/\\\/www.s4mountingsystem.com\\\/fr\\\/#website\",\"url\":\"https:\\\/\\\/www.s4mountingsystem.com\\\/fr\\\/\",\"name\":\"S4 Mounting System\",\"description\":\"S4 Mounting System\",\"publisher\":{\"@id\":\"https:\\\/\\\/www.s4mountingsystem.com\\\/fr\\\/#organization\"},\"potentialAction\":[{\"@type\":\"SearchAction\",\"target\":{\"@type\":\"EntryPoint\",\"urlTemplate\":\"https:\\\/\\\/www.s4mountingsystem.com\\\/fr\\\/?s={search_term_string}\"},\"query-input\":{\"@type\":\"PropertyValueSpecification\",\"valueRequired\":true,\"valueName\":\"search_term_string\"}}],\"inLanguage\":\"fr-FR\"},{\"@type\":\"Organization\",\"@id\":\"https:\\\/\\\/www.s4mountingsystem.com\\\/fr\\\/#organization\",\"name\":\"S4 Mounting System\",\"url\":\"https:\\\/\\\/www.s4mountingsystem.com\\\/fr\\\/\",\"logo\":{\"@type\":\"ImageObject\",\"inLanguage\":\"fr-FR\",\"@id\":\"https:\\\/\\\/www.s4mountingsystem.com\\\/fr\\\/#\\\/schema\\\/logo\\\/image\\\/\",\"url\":\"https:\\\/\\\/www.s4mountingsystem.com\\\/wp-content\\\/uploads\\\/2022\\\/04\\\/logoS4.png\",\"contentUrl\":\"https:\\\/\\\/www.s4mountingsystem.com\\\/wp-content\\\/uploads\\\/2022\\\/04\\\/logoS4.png\",\"width\":333,\"height\":339,\"caption\":\"S4 Mounting System\"},\"image\":{\"@id\":\"https:\\\/\\\/www.s4mountingsystem.com\\\/fr\\\/#\\\/schema\\\/logo\\\/image\\\/\"}}]}<\/script>\n<!-- \/ Yoast SEO plugin. -->","yoast_head_json":{"title":"Mentions l\u00e9gales - S4 Mounting System","robots":{"index":"index","follow":"follow","max-snippet":"max-snippet:-1","max-image-preview":"max-image-preview:large","max-video-preview":"max-video-preview:-1"},"canonical":"https:\/\/www.s4mountingsystem.com\/fr\/mentions-legales\/","og_locale":"fr_FR","og_type":"article","og_title":"Mentions l\u00e9gales - S4 Mounting System","og_description":"Mentions l\u00e9gales Informations sur la soci\u00e9t\u00e9Ce site web est exploit\u00e9 par S4 Mounting System Ltd, une soci\u00e9t\u00e9 priv\u00e9e \u00e0 responsabilit\u00e9 limit\u00e9e immatricul\u00e9e en Angleterre et au pays de Galles. Nom de la soci\u00e9t\u00e9 : S4 Mounting System Ltd Num\u00e9ro d\u2019immatriculation de la soci\u00e9t\u00e9 : 16612111 Si\u00e8ge social : 1-75 Shelton Street &#8211; Coven Garden &#8211; [&hellip;]","og_url":"https:\/\/www.s4mountingsystem.com\/fr\/mentions-legales\/","og_site_name":"S4 Mounting System","article_modified_time":"2026-02-26T11:57:45+00:00","twitter_card":"summary_large_image","twitter_misc":{"Dur\u00e9e de lecture estim\u00e9e":"1 minute"},"schema":{"@context":"https:\/\/schema.org","@graph":[{"@type":"WebPage","@id":"https:\/\/www.s4mountingsystem.com\/fr\/mentions-legales\/","url":"https:\/\/www.s4mountingsystem.com\/fr\/mentions-legales\/","name":"Mentions l\u00e9gales - S4 Mounting System","isPartOf":{"@id":"https:\/\/www.s4mountingsystem.com\/fr\/#website"},"datePublished":"2022-04-15T12:10:58+00:00","dateModified":"2026-02-26T11:57:45+00:00","breadcrumb":{"@id":"https:\/\/www.s4mountingsystem.com\/fr\/mentions-legales\/#breadcrumb"},"inLanguage":"fr-FR","potentialAction":[{"@type":"ReadAction","target":["https:\/\/www.s4mountingsystem.com\/fr\/mentions-legales\/"]}]},{"@type":"BreadcrumbList","@id":"https:\/\/www.s4mountingsystem.com\/fr\/mentions-legales\/#breadcrumb","itemListElement":[{"@type":"ListItem","position":1,"name":"Home","item":"https:\/\/www.s4mountingsystem.com\/fr\/accueil\/"},{"@type":"ListItem","position":2,"name":"Mentions l\u00e9gales"}]},{"@type":"WebSite","@id":"https:\/\/www.s4mountingsystem.com\/fr\/#website","url":"https:\/\/www.s4mountingsystem.com\/fr\/","name":"S4 Mounting System","description":"S4 Mounting System","publisher":{"@id":"https:\/\/www.s4mountingsystem.com\/fr\/#organization"},"potentialAction":[{"@type":"SearchAction","target":{"@type":"EntryPoint","urlTemplate":"https:\/\/www.s4mountingsystem.com\/fr\/?s={search_term_string}"},"query-input":{"@type":"PropertyValueSpecification","valueRequired":true,"valueName":"search_term_string"}}],"inLanguage":"fr-FR"},{"@type":"Organization","@id":"https:\/\/www.s4mountingsystem.com\/fr\/#organization","name":"S4 Mounting System","url":"https:\/\/www.s4mountingsystem.com\/fr\/","logo":{"@type":"ImageObject","inLanguage":"fr-FR","@id":"https:\/\/www.s4mountingsystem.com\/fr\/#\/schema\/logo\/image\/","url":"https:\/\/www.s4mountingsystem.com\/wp-content\/uploads\/2022\/04\/logoS4.png","contentUrl":"https:\/\/www.s4mountingsystem.com\/wp-content\/uploads\/2022\/04\/logoS4.png","width":333,"height":339,"caption":"S4 Mounting System"},"image":{"@id":"https:\/\/www.s4mountingsystem.com\/fr\/#\/schema\/logo\/image\/"}}]}},"_links":{"self":[{"href":"https:\/\/www.s4mountingsystem.com\/fr\/wp-json\/wp\/v2\/pages\/4990","targetHints":{"allow":["GET"]}}],"collection":[{"href":"https:\/\/www.s4mountingsystem.com\/fr\/wp-json\/wp\/v2\/pages"}],"about":[{"href":"https:\/\/www.s4mountingsystem.com\/fr\/wp-json\/wp\/v2\/types\/page"}],"author":[{"embeddable":true,"href":"https:\/\/www.s4mountingsystem.com\/fr\/wp-json\/wp\/v2\/users\/1"}],"replies":[{"embeddable":true,"href":"https:\/\/www.s4mountingsystem.com\/fr\/wp-json\/wp\/v2\/comments?post=4990"}],"version-history":[{"count":1,"href":"https:\/\/www.s4mountingsystem.com\/fr\/wp-json\/wp\/v2\/pages\/4990\/revisions"}],"predecessor-version":[{"id":4991,"href":"https:\/\/www.s4mountingsystem.com\/fr\/wp-json\/wp\/v2\/pages\/4990\/revisions\/4991"}],"wp:attachment":[{"href":"https:\/\/www.s4mountingsystem.com\/fr\/wp-json\/wp\/v2\/media?parent=4990"}],"curies":[{"name":"wp","href":"https:\/\/api.w.org\/{rel}","templated":true}]}}