{"id":4911,"date":"2025-03-10T15:15:10","date_gmt":"2025-03-10T14:15:10","guid":{"rendered":"https:\/\/www.s4mountingsystem.com\/accueil\/"},"modified":"2026-02-26T12:57:16","modified_gmt":"2026-02-26T11:57:16","slug":"accueil","status":"publish","type":"page","link":"https:\/\/www.s4mountingsystem.com\/fr\/","title":{"rendered":"Accueil"},"content":{"rendered":"\t\t<div data-elementor-type=\"wp-page\" data-elementor-id=\"4911\" class=\"elementor elementor-4911 elementor-919\" data-elementor-post-type=\"page\">\n\t\t\t\t<div class=\"elementor-element elementor-element-ea851c9 e-con-full e-flex e-con e-parent\" data-id=\"ea851c9\" data-element_type=\"container\" data-e-type=\"container\" data-settings=\"{&quot;background_background&quot;:&quot;classic&quot;}\">\n\t\t<div class=\"elementor-element elementor-element-e833946 e-con-full e-flex e-con e-child\" data-id=\"e833946\" data-element_type=\"container\" data-e-type=\"container\" data-settings=\"{&quot;background_background&quot;:&quot;classic&quot;}\">\n\t\t\t\t<div class=\"elementor-element elementor-element-853fc30 elementor-widget elementor-widget-heading\" data-id=\"853fc30\" data-element_type=\"widget\" data-e-type=\"widget\" data-widget_type=\"heading.default\">\n\t\t\t\t<div class=\"elementor-widget-container\">\n\t\t\t\t\t<h1 class=\"elementor-heading-title elementor-size-default\">Le montage solaire universel<br>simplifi\u00e9 pour tous.<\/h1>\t\t\t\t<\/div>\n\t\t\t\t<\/div>\n\t\t\t\t<div class=\"elementor-element elementor-element-35814cb elementor-widget elementor-widget-button\" data-id=\"35814cb\" data-element_type=\"widget\" data-e-type=\"widget\" data-widget_type=\"button.default\">\n\t\t\t\t<div class=\"elementor-widget-container\">\n\t\t\t\t\t\t\t\t\t<div class=\"elementor-button-wrapper\">\n\t\t\t\t\t<a class=\"elementor-button elementor-button-link elementor-size-sm\" href=\"https:\/\/www.s4mountingsystem.com\/our-products\/\">\n\t\t\t\t\t\t<span class=\"elementor-button-content-wrapper\">\n\t\t\t\t\t\t<span class=\"elementor-button-icon\">\n\t\t\t\t<i aria-hidden=\"true\" class=\"fas fa-arrow-circle-right\"><\/i>\t\t\t<\/span>\n\t\t\t\t\t\t\t\t\t<span class=\"elementor-button-text\">Nos produits<\/span>\n\t\t\t\t\t<\/span>\n\t\t\t\t\t<\/a>\n\t\t\t\t<\/div>\n\t\t\t\t\t\t\t\t<\/div>\n\t\t\t\t<\/div>\n\t\t\t\t<div class=\"elementor-element elementor-element-cfd7260 elementor-hidden-tablet elementor-hidden-mobile elementor-widget elementor-widget-spacer\" data-id=\"cfd7260\" data-element_type=\"widget\" data-e-type=\"widget\" data-widget_type=\"spacer.default\">\n\t\t\t\t<div class=\"elementor-widget-container\">\n\t\t\t\t\t\t\t<div class=\"elementor-spacer\">\n\t\t\t<div class=\"elementor-spacer-inner\"><\/div>\n\t\t<\/div>\n\t\t\t\t\t\t<\/div>\n\t\t\t\t<\/div>\n\t\t\t\t<div class=\"elementor-element elementor-element-03a0de6 elementor-widget elementor-widget-text-editor\" data-id=\"03a0de6\" data-element_type=\"widget\" data-e-type=\"widget\" data-widget_type=\"text-editor.default\">\n\t\t\t\t<div class=\"elementor-widget-container\">\n\t\t\t\t\t\t\t\t\t<p>Le syst\u00e8me de montage S4 s\u2019adapte \u00e0 tous les types de toitures<br>et convient aussi bien aux constructions neuves qu\u2019aux r\u00e9novations.<\/p>\t\t\t\t\t\t\t\t<\/div>\n\t\t\t\t<\/div>\n\t\t\t\t<\/div>\n\t\t\t\t<\/div>\n\t\t<div class=\"elementor-element elementor-element-38564f1 e-con-full e-flex e-con e-parent\" data-id=\"38564f1\" data-element_type=\"container\" data-e-type=\"container\" data-settings=\"{&quot;background_background&quot;:&quot;classic&quot;}\">\n\t\t<div class=\"elementor-element elementor-element-e218c42 e-con-full e-flex e-con e-child\" data-id=\"e218c42\" data-element_type=\"container\" data-e-type=\"container\" data-settings=\"{&quot;background_background&quot;:&quot;classic&quot;}\">\n\t\t\t\t<div class=\"elementor-element elementor-element-91a2bc9 elementor-widget elementor-widget-heading\" data-id=\"91a2bc9\" data-element_type=\"widget\" data-e-type=\"widget\" data-widget_type=\"heading.default\">\n\t\t\t\t<div class=\"elementor-widget-container\">\n\t\t\t\t\t<h1 class=\"elementor-heading-title elementor-size-default\">Le montage solaire universel<br>simplifi\u00e9 pour tous.<\/h1>\t\t\t\t<\/div>\n\t\t\t\t<\/div>\n\t\t\t\t<div class=\"elementor-element elementor-element-ab46bbb elementor-widget elementor-widget-button\" data-id=\"ab46bbb\" data-element_type=\"widget\" data-e-type=\"widget\" data-widget_type=\"button.default\">\n\t\t\t\t<div class=\"elementor-widget-container\">\n\t\t\t\t\t\t\t\t\t<div class=\"elementor-button-wrapper\">\n\t\t\t\t\t<a class=\"elementor-button elementor-button-link elementor-size-sm\" href=\"https:\/\/www.s4mountingsystem.com\/our-products\/\">\n\t\t\t\t\t\t<span class=\"elementor-button-content-wrapper\">\n\t\t\t\t\t\t<span class=\"elementor-button-icon\">\n\t\t\t\t<i aria-hidden=\"true\" class=\"fas fa-arrow-circle-right\"><\/i>\t\t\t<\/span>\n\t\t\t\t\t\t\t\t\t<span class=\"elementor-button-text\">Nos produits<\/span>\n\t\t\t\t\t<\/span>\n\t\t\t\t\t<\/a>\n\t\t\t\t<\/div>\n\t\t\t\t\t\t\t\t<\/div>\n\t\t\t\t<\/div>\n\t\t\t\t<div class=\"elementor-element elementor-element-25328b9 elementor-hidden-tablet elementor-hidden-mobile elementor-widget elementor-widget-spacer\" data-id=\"25328b9\" data-element_type=\"widget\" data-e-type=\"widget\" data-widget_type=\"spacer.default\">\n\t\t\t\t<div class=\"elementor-widget-container\">\n\t\t\t\t\t\t\t<div class=\"elementor-spacer\">\n\t\t\t<div class=\"elementor-spacer-inner\"><\/div>\n\t\t<\/div>\n\t\t\t\t\t\t<\/div>\n\t\t\t\t<\/div>\n\t\t\t\t<div class=\"elementor-element elementor-element-a502458 elementor-widget elementor-widget-text-editor\" data-id=\"a502458\" data-element_type=\"widget\" data-e-type=\"widget\" data-widget_type=\"text-editor.default\">\n\t\t\t\t<div class=\"elementor-widget-container\">\n\t\t\t\t\t\t\t\t\t<p>Le syst\u00e8me de montage S4 s\u2019adapte \u00e0 tous les types de toitures<br>et convient aussi bien aux constructions neuves qu\u2019aux r\u00e9novations.<\/p>\t\t\t\t\t\t\t\t<\/div>\n\t\t\t\t<\/div>\n\t\t\t\t<\/div>\n\t\t\t\t<\/div>\n\t\t\t\t<\/div>\n\t\t","protected":false},"excerpt":{"rendered":"<p>Le montage solaire universelsimplifi\u00e9 pour tous. Nos produits Le syst\u00e8me de montage S4 s\u2019adapte \u00e0 tous les types de toitureset convient aussi bien aux constructions neuves qu\u2019aux r\u00e9novations. Le montage solaire universelsimplifi\u00e9 pour tous. Nos produits Le syst\u00e8me de montage S4 s\u2019adapte \u00e0 tous les types de toitureset convient aussi bien aux constructions neuves qu\u2019aux [&hellip;]<\/p>\n","protected":false},"author":1,"featured_media":0,"parent":0,"menu_order":0,"comment_status":"closed","ping_status":"closed","template":"","meta":{"ocean_post_layout":"full-screen","ocean_both_sidebars_style":"","ocean_both_sidebars_content_width":0,"ocean_both_sidebars_sidebars_width":0,"ocean_sidebar":"0","ocean_second_sidebar":"0","ocean_disable_margins":"enable","ocean_add_body_class":"","ocean_shortcode_before_top_bar":"","ocean_shortcode_after_top_bar":"","ocean_shortcode_before_header":"","ocean_shortcode_after_header":"","ocean_has_shortcode":"","ocean_shortcode_after_title":"","ocean_shortcode_before_footer_widgets":"","ocean_shortcode_after_footer_widgets":"","ocean_shortcode_before_footer_bottom":"","ocean_shortcode_after_footer_bottom":"","ocean_display_top_bar":"default","ocean_display_header":"default","ocean_header_style":"","ocean_center_header_left_menu":"0","ocean_custom_header_template":"0","ocean_custom_logo":0,"ocean_custom_retina_logo":0,"ocean_custom_logo_max_width":0,"ocean_custom_logo_tablet_max_width":0,"ocean_custom_logo_mobile_max_width":0,"ocean_custom_logo_max_height":0,"ocean_custom_logo_tablet_max_height":0,"ocean_custom_logo_mobile_max_height":0,"ocean_header_custom_menu":"0","ocean_menu_typo_font_family":"0","ocean_menu_typo_font_subset":"","ocean_menu_typo_font_size":0,"ocean_menu_typo_font_size_tablet":0,"ocean_menu_typo_font_size_mobile":0,"ocean_menu_typo_font_size_unit":"px","ocean_menu_typo_font_weight":"","ocean_menu_typo_font_weight_tablet":"","ocean_menu_typo_font_weight_mobile":"","ocean_menu_typo_transform":"","ocean_menu_typo_transform_tablet":"","ocean_menu_typo_transform_mobile":"","ocean_menu_typo_line_height":0,"ocean_menu_typo_line_height_tablet":0,"ocean_menu_typo_line_height_mobile":0,"ocean_menu_typo_line_height_unit":"","ocean_menu_typo_spacing":0,"ocean_menu_typo_spacing_tablet":0,"ocean_menu_typo_spacing_mobile":0,"ocean_menu_typo_spacing_unit":"","ocean_menu_link_color":"","ocean_menu_link_color_hover":"","ocean_menu_link_color_active":"","ocean_menu_link_background":"","ocean_menu_link_hover_background":"","ocean_menu_link_active_background":"","ocean_menu_social_links_bg":"","ocean_menu_social_hover_links_bg":"","ocean_menu_social_links_color":"","ocean_menu_social_hover_links_color":"","ocean_disable_title":"on","ocean_disable_heading":"default","ocean_post_title":"","ocean_post_subheading":"","ocean_post_title_style":"","ocean_post_title_background_color":"","ocean_post_title_background":0,"ocean_post_title_bg_image_position":"","ocean_post_title_bg_image_attachment":"","ocean_post_title_bg_image_repeat":"","ocean_post_title_bg_image_size":"","ocean_post_title_height":0,"ocean_post_title_bg_overlay":0.5,"ocean_post_title_bg_overlay_color":"","ocean_disable_breadcrumbs":"off","ocean_breadcrumbs_color":"","ocean_breadcrumbs_separator_color":"","ocean_breadcrumbs_links_color":"","ocean_breadcrumbs_links_hover_color":"","ocean_display_footer_widgets":"default","ocean_display_footer_bottom":"default","ocean_custom_footer_template":"0","footnotes":""},"class_list":["post-4911","page","type-page","status-publish","hentry","entry"],"yoast_head":"<!-- This site is optimized with the Yoast SEO plugin v27.5 - https:\/\/yoast.com\/product\/yoast-seo-wordpress\/ -->\n<title>Accueil - S4 Mounting System<\/title>\n<meta name=\"robots\" content=\"index, follow, max-snippet:-1, max-image-preview:large, max-video-preview:-1\" \/>\n<link rel=\"canonical\" href=\"https:\/\/www.s4mountingsystem.com\/fr\/\" \/>\n<meta property=\"og:locale\" content=\"fr_FR\" \/>\n<meta property=\"og:type\" content=\"article\" \/>\n<meta property=\"og:title\" content=\"Accueil - S4 Mounting System\" \/>\n<meta property=\"og:description\" content=\"Le montage solaire universelsimplifi\u00e9 pour tous. Nos produits Le syst\u00e8me de montage S4 s\u2019adapte \u00e0 tous les types de toitureset convient aussi bien aux constructions neuves qu\u2019aux r\u00e9novations. Le montage solaire universelsimplifi\u00e9 pour tous. Nos produits Le syst\u00e8me de montage S4 s\u2019adapte \u00e0 tous les types de toitureset convient aussi bien aux constructions neuves qu\u2019aux [&hellip;]\" \/>\n<meta property=\"og:url\" content=\"https:\/\/www.s4mountingsystem.com\/fr\/\" \/>\n<meta property=\"og:site_name\" content=\"S4 Mounting System\" \/>\n<meta property=\"article:modified_time\" content=\"2026-02-26T11:57:16+00:00\" \/>\n<meta name=\"twitter:card\" content=\"summary_large_image\" \/>\n<script type=\"application\/ld+json\" class=\"yoast-schema-graph\">{\"@context\":\"https:\\\/\\\/schema.org\",\"@graph\":[{\"@type\":\"WebPage\",\"@id\":\"https:\\\/\\\/www.s4mountingsystem.com\\\/fr\\\/\",\"url\":\"https:\\\/\\\/www.s4mountingsystem.com\\\/fr\\\/\",\"name\":\"Accueil - S4 Mounting System\",\"isPartOf\":{\"@id\":\"https:\\\/\\\/www.s4mountingsystem.com\\\/fr\\\/#website\"},\"datePublished\":\"2025-03-10T14:15:10+00:00\",\"dateModified\":\"2026-02-26T11:57:16+00:00\",\"breadcrumb\":{\"@id\":\"https:\\\/\\\/www.s4mountingsystem.com\\\/fr\\\/#breadcrumb\"},\"inLanguage\":\"fr-FR\",\"potentialAction\":[{\"@type\":\"ReadAction\",\"target\":[\"https:\\\/\\\/www.s4mountingsystem.com\\\/fr\\\/\"]}]},{\"@type\":\"BreadcrumbList\",\"@id\":\"https:\\\/\\\/www.s4mountingsystem.com\\\/fr\\\/#breadcrumb\",\"itemListElement\":[{\"@type\":\"ListItem\",\"position\":1,\"name\":\"Home\",\"item\":\"https:\\\/\\\/www.s4mountingsystem.com\\\/fr\\\/accueil\\\/\"},{\"@type\":\"ListItem\",\"position\":2,\"name\":\"Accueil\"}]},{\"@type\":\"WebSite\",\"@id\":\"https:\\\/\\\/www.s4mountingsystem.com\\\/fr\\\/#website\",\"url\":\"https:\\\/\\\/www.s4mountingsystem.com\\\/fr\\\/\",\"name\":\"S4 Mounting System\",\"description\":\"S4 Mounting System\",\"publisher\":{\"@id\":\"https:\\\/\\\/www.s4mountingsystem.com\\\/fr\\\/#organization\"},\"potentialAction\":[{\"@type\":\"SearchAction\",\"target\":{\"@type\":\"EntryPoint\",\"urlTemplate\":\"https:\\\/\\\/www.s4mountingsystem.com\\\/fr\\\/?s={search_term_string}\"},\"query-input\":{\"@type\":\"PropertyValueSpecification\",\"valueRequired\":true,\"valueName\":\"search_term_string\"}}],\"inLanguage\":\"fr-FR\"},{\"@type\":\"Organization\",\"@id\":\"https:\\\/\\\/www.s4mountingsystem.com\\\/fr\\\/#organization\",\"name\":\"S4 Mounting System\",\"url\":\"https:\\\/\\\/www.s4mountingsystem.com\\\/fr\\\/\",\"logo\":{\"@type\":\"ImageObject\",\"inLanguage\":\"fr-FR\",\"@id\":\"https:\\\/\\\/www.s4mountingsystem.com\\\/fr\\\/#\\\/schema\\\/logo\\\/image\\\/\",\"url\":\"https:\\\/\\\/www.s4mountingsystem.com\\\/wp-content\\\/uploads\\\/2022\\\/04\\\/logoS4.png\",\"contentUrl\":\"https:\\\/\\\/www.s4mountingsystem.com\\\/wp-content\\\/uploads\\\/2022\\\/04\\\/logoS4.png\",\"width\":333,\"height\":339,\"caption\":\"S4 Mounting System\"},\"image\":{\"@id\":\"https:\\\/\\\/www.s4mountingsystem.com\\\/fr\\\/#\\\/schema\\\/logo\\\/image\\\/\"}}]}<\/script>\n<!-- \/ Yoast SEO plugin. -->","yoast_head_json":{"title":"Accueil - S4 Mounting System","robots":{"index":"index","follow":"follow","max-snippet":"max-snippet:-1","max-image-preview":"max-image-preview:large","max-video-preview":"max-video-preview:-1"},"canonical":"https:\/\/www.s4mountingsystem.com\/fr\/","og_locale":"fr_FR","og_type":"article","og_title":"Accueil - S4 Mounting System","og_description":"Le montage solaire universelsimplifi\u00e9 pour tous. Nos produits Le syst\u00e8me de montage S4 s\u2019adapte \u00e0 tous les types de toitureset convient aussi bien aux constructions neuves qu\u2019aux r\u00e9novations. Le montage solaire universelsimplifi\u00e9 pour tous. Nos produits Le syst\u00e8me de montage S4 s\u2019adapte \u00e0 tous les types de toitureset convient aussi bien aux constructions neuves qu\u2019aux [&hellip;]","og_url":"https:\/\/www.s4mountingsystem.com\/fr\/","og_site_name":"S4 Mounting System","article_modified_time":"2026-02-26T11:57:16+00:00","twitter_card":"summary_large_image","schema":{"@context":"https:\/\/schema.org","@graph":[{"@type":"WebPage","@id":"https:\/\/www.s4mountingsystem.com\/fr\/","url":"https:\/\/www.s4mountingsystem.com\/fr\/","name":"Accueil - S4 Mounting System","isPartOf":{"@id":"https:\/\/www.s4mountingsystem.com\/fr\/#website"},"datePublished":"2025-03-10T14:15:10+00:00","dateModified":"2026-02-26T11:57:16+00:00","breadcrumb":{"@id":"https:\/\/www.s4mountingsystem.com\/fr\/#breadcrumb"},"inLanguage":"fr-FR","potentialAction":[{"@type":"ReadAction","target":["https:\/\/www.s4mountingsystem.com\/fr\/"]}]},{"@type":"BreadcrumbList","@id":"https:\/\/www.s4mountingsystem.com\/fr\/#breadcrumb","itemListElement":[{"@type":"ListItem","position":1,"name":"Home","item":"https:\/\/www.s4mountingsystem.com\/fr\/accueil\/"},{"@type":"ListItem","position":2,"name":"Accueil"}]},{"@type":"WebSite","@id":"https:\/\/www.s4mountingsystem.com\/fr\/#website","url":"https:\/\/www.s4mountingsystem.com\/fr\/","name":"S4 Mounting System","description":"S4 Mounting System","publisher":{"@id":"https:\/\/www.s4mountingsystem.com\/fr\/#organization"},"potentialAction":[{"@type":"SearchAction","target":{"@type":"EntryPoint","urlTemplate":"https:\/\/www.s4mountingsystem.com\/fr\/?s={search_term_string}"},"query-input":{"@type":"PropertyValueSpecification","valueRequired":true,"valueName":"search_term_string"}}],"inLanguage":"fr-FR"},{"@type":"Organization","@id":"https:\/\/www.s4mountingsystem.com\/fr\/#organization","name":"S4 Mounting System","url":"https:\/\/www.s4mountingsystem.com\/fr\/","logo":{"@type":"ImageObject","inLanguage":"fr-FR","@id":"https:\/\/www.s4mountingsystem.com\/fr\/#\/schema\/logo\/image\/","url":"https:\/\/www.s4mountingsystem.com\/wp-content\/uploads\/2022\/04\/logoS4.png","contentUrl":"https:\/\/www.s4mountingsystem.com\/wp-content\/uploads\/2022\/04\/logoS4.png","width":333,"height":339,"caption":"S4 Mounting System"},"image":{"@id":"https:\/\/www.s4mountingsystem.com\/fr\/#\/schema\/logo\/image\/"}}]}},"_links":{"self":[{"href":"https:\/\/www.s4mountingsystem.com\/fr\/wp-json\/wp\/v2\/pages\/4911","targetHints":{"allow":["GET"]}}],"collection":[{"href":"https:\/\/www.s4mountingsystem.com\/fr\/wp-json\/wp\/v2\/pages"}],"about":[{"href":"https:\/\/www.s4mountingsystem.com\/fr\/wp-json\/wp\/v2\/types\/page"}],"author":[{"embeddable":true,"href":"https:\/\/www.s4mountingsystem.com\/fr\/wp-json\/wp\/v2\/users\/1"}],"replies":[{"embeddable":true,"href":"https:\/\/www.s4mountingsystem.com\/fr\/wp-json\/wp\/v2\/comments?post=4911"}],"version-history":[{"count":2,"href":"https:\/\/www.s4mountingsystem.com\/fr\/wp-json\/wp\/v2\/pages\/4911\/revisions"}],"predecessor-version":[{"id":4918,"href":"https:\/\/www.s4mountingsystem.com\/fr\/wp-json\/wp\/v2\/pages\/4911\/revisions\/4918"}],"wp:attachment":[{"href":"https:\/\/www.s4mountingsystem.com\/fr\/wp-json\/wp\/v2\/media?parent=4911"}],"curies":[{"name":"wp","href":"https:\/\/api.w.org\/{rel}","templated":true}]}}